{"id":5,"date":"2022-01-11T03:23:22","date_gmt":"2022-01-11T06:23:22","guid":{"rendered":"https:\/\/icamentosrio.com.br\/?page_id=5"},"modified":"2025-05-28T15:43:57","modified_gmt":"2025-05-28T18:43:57","slug":"pagina-inicial","status":"publish","type":"page","link":"https:\/\/icamentosrio.com.br\/","title":{"rendered":"P\u00e1gina inicial"},"content":{"rendered":"<ul>\n<li>\n\t\t\t\t\t\t\t\t\t\t\t<a href=\"tel:%202132759665\"><br \/>\n\t\t\t\t\t\t\t\t\t\t\t<\/a>\n\t\t\t\t\t\t\t\t\t<\/li>\n<li>\n\t\t\t\t\t\t\t\t\t\t\t<a href=\"http:\/\/encurtador.com.br\/jyPS4\"><br \/>\n\t\t\t\t\t\t\t\t\t\t(21) 97921-7656<br \/>\n\t\t\t\t\t\t\t\t\t\t\t<\/a>\n\t\t\t\t\t\t\t\t\t<\/li>\n<li>\n\t\t\t\t\t\t\t\t\t\t\t<a href=\"http:\/\/encurtador.com.br\/lvzLY\"><br \/>\n\t\t\t\t\t\t\t\t\t\t(21) 96463-7288<br \/>\n\t\t\t\t\t\t\t\t\t\t\t<\/a>\n\t\t\t\t\t\t\t\t\t<\/li>\n<\/ul>\n<p>\t\t\t\t\t\t\t\t\t\t\t\t\t\t\t\t<a href=\"#\"><br \/>\n\t\t\t\t\t\t\t<img loading=\"lazy\" decoding=\"async\" width=\"1764\" height=\"438\" src=\"https:\/\/icamentosrio.com.br\/wp-content\/uploads\/2022\/01\/Logo-Icamentos-Rio5.1.png\" alt=\"\" srcset=\"https:\/\/icamentosrio.com.br\/wp-content\/uploads\/2022\/01\/Logo-Icamentos-Rio5.1.png 1764w, https:\/\/icamentosrio.com.br\/wp-content\/uploads\/2022\/01\/Logo-Icamentos-Rio5.1-300x74.png 300w, https:\/\/icamentosrio.com.br\/wp-content\/uploads\/2022\/01\/Logo-Icamentos-Rio5.1-1024x254.png 1024w, https:\/\/icamentosrio.com.br\/wp-content\/uploads\/2022\/01\/Logo-Icamentos-Rio5.1-768x191.png 768w, https:\/\/icamentosrio.com.br\/wp-content\/uploads\/2022\/01\/Logo-Icamentos-Rio5.1-1536x381.png 1536w, https:\/\/icamentosrio.com.br\/wp-content\/uploads\/2022\/01\/Logo-Icamentos-Rio5.1-1568x389.png 1568w\" sizes=\"auto, (max-width: 1764px) 100vw, 1764px\" \/>\t\t\t\t\t\t\t\t<\/a><br \/>\n\t\t\t\t\t<a href=\"http:\/\/api.whatsapp.com\/send?phone=5521979217656&#038;text=Ol%C3%A1%2C%20estou%20entrando%20em%20contato%20atrav%C3%A9s%20do%20site%20da%20I%C3%A7amentos%20Rio.\"><br \/>\n\t\t\t\t\t\t\t\t\tfale conosco<br \/>\n\t\t\t\t\t<\/a><\/p>\n<h1>SERVI\u00c7OS DE I\u00c7AMENTO NO RIO DE JANEIRO.<\/h1>\n<p>I\u00e7amento de m\u00f3veis, equipamentos ou materiais residenciais e comerciais. Apoio em mudan\u00e7as.<\/p>\n<p>\t\t\t\t\t<a href=\"http:\/\/api.whatsapp.com\/send?phone=5521979217656&#038;text=Ol%C3%A1%2C%20estou%20entrando%20em%20contato%20atrav%C3%A9s%20do%20site%20da%20I%C3%A7amentos%20Rio.\"><br \/>\n\t\t\t\t\t\t\t\t\tContate-nos<br \/>\n\t\t\t\t\t<\/a><\/p>\n<h3>Equipe preparada<\/h3>\n<p>Temos uma equipe de profissionais experientes em I\u00e7amento de materiais pesados e fr\u00e1geis.\u00a0<\/p>\n<h3>Agende conosco<\/h3>\n<p>Agende o seu i\u00e7amento o quanto antes, para que possamos avaliar o local onde ser\u00e1 realizado o trabalho e te enviar um or\u00e7amento.<\/p>\n<h3>Tipos de i\u00e7amentos<\/h3>\n<p>Fazemos i\u00e7amentos de m\u00f3veis, itens e materiais grandes, pesados e fr\u00e1geis (vidros, m\u00e1rmores, etc.) em pr\u00e9dios comerciais ou residenciais.<\/p>\n<h3>Servi\u00e7os de Mudan\u00e7as<\/h3>\n<p>Oferecemos tamb\u00e9m servi\u00e7os de fretes e mudan\u00e7a residencial ou comercial, junto ao i\u00e7amento. Assim voc\u00ea n\u00e3o precisar\u00e1 contratar empresas diferentes para os dois servi\u00e7os.<\/p>\n<h4>Quem somos<\/h4>\n<h2>Mais de 15 anos de profissionalismo e confian\u00e7a.<\/h2>\n<p>A I\u00e7amentos Rio vem atuando no ramo de I\u00e7amentos e mudan\u00e7as h\u00e1 mais de 15 anos, atendemos todo o Rio de Janeiro.\u00a0 Garantimos total seguran\u00e7a atrav\u00e9s do nosso profissionalismo.\u00a0<\/p>\n<h4>Conhe\u00e7a mais<\/h4>\n<h2>Alguns dos nossos trabalhos<\/h2>\n<div style=\"width: 640px;\" class=\"wp-video\"><!--[if lt IE 9]><script>document.createElement('video');<\/script><![endif]-->\n<video class=\"wp-video-shortcode\" id=\"video-5-1\" width=\"640\" height=\"360\" preload=\"metadata\" controls=\"controls\"><source type=\"video\/mp4\" src=\"https:\/\/icamentosrio.com.br\/wp-content\/uploads\/2024\/07\/WhatsApp-Video-2024-07-10-at-17.57.18-2.mp4https:\/\/icamentosrio.com.br\/wp-content\/uploads\/2024\/07\/WhatsApp-Video-2024-07-10-at-17.57.18.mp4https:\/\/icamentosrio.com.br\/wp-content\/uploads\/2024\/07\/WhatsApp-Video-2024-07-10-at-17.57.18-1.mp4?_=1\" \/><a href=\"https:\/\/icamentosrio.com.br\/wp-content\/uploads\/2024\/07\/WhatsApp-Video-2024-07-10-at-17.57.18-2.mp4https:\/\/icamentosrio.com.br\/wp-content\/uploads\/2024\/07\/WhatsApp-Video-2024-07-10-at-17.57.18.mp4https:\/\/icamentosrio.com.br\/wp-content\/uploads\/2024\/07\/WhatsApp-Video-2024-07-10-at-17.57.18-1.mp4\">https:\/\/icamentosrio.com.br\/wp-content\/uploads\/2024\/07\/WhatsApp-Video-2024-07-10-at-17.57.18-2.mp4https:\/\/icamentosrio.com.br\/wp-content\/uploads\/2024\/07\/WhatsApp-Video-2024-07-10-at-17.57.18.mp4https:\/\/icamentosrio.com.br\/wp-content\/uploads\/2024\/07\/WhatsApp-Video-2024-07-10-at-17.57.18-1.mp4<\/a><\/video><\/div>\n<h4>Saiba mais<\/h4>\n<h2>O que n\u00f3s i\u00e7amos?<\/h2>\n<ul>\n<li><strong>i\u00e7amento\u00a0<\/strong>de pianos;<\/li>\n<li><strong>i\u00e7amento\u00a0<\/strong>de tampas de vidro;<\/li>\n<li><strong>i\u00e7amento\u00a0<\/strong>de m\u00e1rmores;<\/li>\n<li><strong>i\u00e7amento\u00a0<\/strong>de banheiras;<\/li>\n<li><strong>i\u00e7amento\u00a0<\/strong>de quadros;<\/li>\n<li><strong>i\u00e7amento\u00a0<\/strong>de m\u00f3veis;<\/li>\n<li>E muito mais&#8230;<\/li>\n<\/ul>\n<p>\t\t\t\t\t<a href=\"http:\/\/api.whatsapp.com\/send?phone=5521979217656&#038;text=Ol%C3%A1%2C%20estou%20entrando%20em%20contato%20atrav%C3%A9s%20do%20site%20da%20I%C3%A7amentos%20Rio.\"><br \/>\n\t\t\t\t\t\t\t\t\tPe\u00e7a um or\u00e7amento<br \/>\n\t\t\t\t\t<\/a><\/p>\n<h4>Conhe\u00e7a mais<\/h4>\n<h2>Quem mais atendemos?<\/h2>\n<p>Atendemos pedidos de servi\u00e7os para diversos perfis de cliente. Servi\u00e7os para resid\u00eancias, lojas, apartamentos, coberturas, escrit\u00f3rios, empresas de propaganda, eventos, condom\u00ednios, ind\u00fastrias e muito mais.\u00a0<\/p>\n<p>\t\t\t\t\t\t\t\t\t\t\t\t\t\t\t<img decoding=\"async\" src=\"https:\/\/icamentosrio.com.br\/wp-content\/uploads\/elementor\/thumbs\/quanto-custa-icamento-moveis-02-qq4qzx7hxjmt1yokgmzywcxh7xffo9x6tdttvc40ww.jpg\" title=\"quanto-custa-icamento-moveis-02\" alt=\"quanto-custa-icamento-moveis-02\" loading=\"lazy\" \/><br \/>\n\t\t\tAnos no mercado<br \/>\n\t\t\t\t+<br \/>\n\t\t\t\t0<br \/>\n\t\t\tI\u00e7amentos conclu\u00eddos<br \/>\n\t\t\t\t+<br \/>\n\t\t\t\t0<\/p>\n<h4>Pe\u00e7a hoje um or\u00e7amento<\/h4>\n<h2>Fale conosco<\/h2>\n<p>Atendemos via Telefone ou whatsapp.<\/p>\n<h3>Telefone de contato<\/h3>\n<p>(21) 97921-7656<\/p>\n<h3>Whatsapps<\/h3>\n<p>(21) 97921-7656<br \/>(21) 96463-7288<\/p>\n<h3>Hor\u00e1rio de atendimento<\/h3>\n<p>Seg. a S\u00e1b.:<br \/>de 07h \u00e1s 19h<\/p>\n","protected":false},"excerpt":{"rendered":"<p>(21) 97921-7656 (21) 96463-7288 fale conosco SERVI\u00c7OS DE I\u00c7AMENTO NO RIO DE JANEIRO. I\u00e7amento de m\u00f3veis, equipamentos ou materiais residenciais e comerciais. Apoio em mudan\u00e7as. Contate-nos Equipe preparada Temos uma equipe de profissionais experientes em I\u00e7amento de materiais pesados e fr\u00e1geis.\u00a0 Agende conosco Agende o seu i\u00e7amento o quanto antes, para que possamos avaliar o [&hellip;]<\/p>\n","protected":false},"author":1,"featured_media":0,"parent":0,"menu_order":0,"comment_status":"closed","ping_status":"closed","template":"elementor_canvas","meta":{"footnotes":""},"class_list":["post-5","page","type-page","status-publish","hentry"],"_links":{"self":[{"href":"https:\/\/icamentosrio.com.br\/index.php\/wp-json\/wp\/v2\/pages\/5","targetHints":{"allow":["GET"]}}],"collection":[{"href":"https:\/\/icamentosrio.com.br\/index.php\/wp-json\/wp\/v2\/pages"}],"about":[{"href":"https:\/\/icamentosrio.com.br\/index.php\/wp-json\/wp\/v2\/types\/page"}],"author":[{"embeddable":true,"href":"https:\/\/icamentosrio.com.br\/index.php\/wp-json\/wp\/v2\/users\/1"}],"replies":[{"embeddable":true,"href":"https:\/\/icamentosrio.com.br\/index.php\/wp-json\/wp\/v2\/comments?post=5"}],"version-history":[{"count":166,"href":"https:\/\/icamentosrio.com.br\/index.php\/wp-json\/wp\/v2\/pages\/5\/revisions"}],"predecessor-version":[{"id":261,"href":"https:\/\/icamentosrio.com.br\/index.php\/wp-json\/wp\/v2\/pages\/5\/revisions\/261"}],"wp:attachment":[{"href":"https:\/\/icamentosrio.com.br\/index.php\/wp-json\/wp\/v2\/media?parent=5"}],"curies":[{"name":"wp","href":"https:\/\/api.w.org\/{rel}","templated":true}]}}